{"id":988363,"date":"2025-05-08T13:57:38","date_gmt":"2025-05-08T16:57:38","guid":{"rendered":"https:\/\/dev.sanejets.com.br\/?page_id=988363"},"modified":"2025-06-24T12:39:33","modified_gmt":"2025-06-24T15:39:33","slug":"inspecao","status":"publish","type":"page","link":"https:\/\/sanejets.com.br\/es\/solucoes\/inspecao\/","title":{"rendered":"Inspecci\u00f3n de tuber\u00edas"},"content":{"rendered":"<div data-elementor-type=\"wp-page\" data-elementor-id=\"988363\" class=\"elementor elementor-988363\" data-elementor-post-type=\"page\">\n\t\t\t\t\t\t<section class=\"elementor-section elementor-top-section elementor-element elementor-element-f3ca488 elementor-section-boxed elementor-section-height-default elementor-section-height-default\" data-id=\"f3ca488\" data-element_type=\"section\">\n\t\t\t\t\t\t<div class=\"elementor-container elementor-column-gap-no\">\n\t\t\t\t\t<div class=\"elementor-column elementor-col-33 elementor-top-column elementor-element elementor-element-85e0198\" data-id=\"85e0198\" data-element_type=\"column\">\n\t\t\t<div class=\"elementor-widget-wrap elementor-element-populated\">\n\t\t\t\t\t\t<div class=\"elementor-element elementor-element-bb9c239 elementor-invisible elementor-widget elementor-widget-heading\" data-id=\"bb9c239\" data-element_type=\"widget\" data-settings=\"{&quot;_animation&quot;:&quot;fadeIn&quot;,&quot;_animation_tablet&quot;:&quot;none&quot;,&quot;_animation_delay&quot;:200}\" data-widget_type=\"heading.default\">\n\t\t\t\t<div class=\"elementor-widget-container\">\n\t\t\t\t\t<h2 class=\"elementor-heading-title elementor-size-default\">Inspecci\u00f3n de tuber\u00edas<\/h2>\t\t\t\t<\/div>\n\t\t\t\t<\/div>\n\t\t\t\t\t<\/div>\n\t\t<\/div>\n\t\t\t\t<div class=\"elementor-column elementor-col-33 elementor-top-column elementor-element elementor-element-2783f43 elementor-hidden-mobile\" data-id=\"2783f43\" data-element_type=\"column\">\n\t\t\t<div class=\"elementor-widget-wrap elementor-element-populated\">\n\t\t\t\t\t\t<div class=\"elementor-element elementor-element-9206941 elementor-widget elementor-widget-spacer\" data-id=\"9206941\" data-element_type=\"widget\" data-widget_type=\"spacer.default\">\n\t\t\t\t<div class=\"elementor-widget-container\">\n\t\t\t\t\t\t\t<div class=\"elementor-spacer\">\n\t\t\t<div class=\"elementor-spacer-inner\"><\/div>\n\t\t<\/div>\n\t\t\t\t\t\t<\/div>\n\t\t\t\t<\/div>\n\t\t\t\t\t<\/div>\n\t\t<\/div>\n\t\t\t\t<div class=\"elementor-column elementor-col-33 elementor-top-column elementor-element elementor-element-e87f86b elementor-hidden-mobile\" data-id=\"e87f86b\" data-element_type=\"column\">\n\t\t\t<div class=\"elementor-widget-wrap elementor-element-populated\">\n\t\t\t\t\t\t<div class=\"elementor-element elementor-element-08df06e elementor-widget elementor-widget-spacer\" data-id=\"08df06e\" data-element_type=\"widget\" data-widget_type=\"spacer.default\">\n\t\t\t\t<div class=\"elementor-widget-container\">\n\t\t\t\t\t\t\t<div class=\"elementor-spacer\">\n\t\t\t<div class=\"elementor-spacer-inner\"><\/div>\n\t\t<\/div>\n\t\t\t\t\t\t<\/div>\n\t\t\t\t<\/div>\n\t\t\t\t\t<\/div>\n\t\t<\/div>\n\t\t\t\t\t<\/div>\n\t\t<\/section>\n\t\t\t\t<section class=\"elementor-section elementor-top-section elementor-element elementor-element-8dee507 elementor-section-boxed elementor-section-height-default elementor-section-height-default\" data-id=\"8dee507\" data-element_type=\"section\">\n\t\t\t\t\t\t<div class=\"elementor-container elementor-column-gap-no\">\n\t\t\t\t\t<div class=\"elementor-column elementor-col-33 elementor-top-column elementor-element elementor-element-92f5530\" data-id=\"92f5530\" data-element_type=\"column\" data-settings=\"{&quot;background_background&quot;:&quot;classic&quot;}\">\n\t\t\t<div class=\"elementor-widget-wrap elementor-element-populated\">\n\t\t\t\t\t\t<div class=\"elementor-element elementor-element-3988c04 elementor-widget elementor-widget-text-editor\" data-id=\"3988c04\" data-element_type=\"widget\" data-widget_type=\"text-editor.default\">\n\t\t\t\t<div class=\"elementor-widget-container\">\n\t\t\t\t\t\t\t\t\t<p data-pm-slice=\"1 1 []\">Servicio de inspecci\u00f3n interna de tuber\u00edas mediante robots y c\u00e1maras de alta resoluci\u00f3n. Genera informes detallados de diagn\u00f3stico y pron\u00f3stico, lo que permite planificar de forma asertiva el mantenimiento y la rehabilitaci\u00f3n.<\/p>\t\t\t\t\t\t\t\t<\/div>\n\t\t\t\t<\/div>\n\t\t\t\t\t<\/div>\n\t\t<\/div>\n\t\t\t\t<div class=\"elementor-column elementor-col-33 elementor-top-column elementor-element elementor-element-ff466aa\" data-id=\"ff466aa\" data-element_type=\"column\">\n\t\t\t<div class=\"elementor-widget-wrap elementor-element-populated\">\n\t\t\t\t\t\t<div class=\"elementor-element elementor-element-6dc84b5 elementor-widget elementor-widget-image\" data-id=\"6dc84b5\" data-element_type=\"widget\" data-settings=\"{&quot;motion_fx_motion_fx_scrolling&quot;:&quot;yes&quot;,&quot;motion_fx_translateY_effect&quot;:&quot;yes&quot;,&quot;motion_fx_translateY_speed&quot;:{&quot;unit&quot;:&quot;px&quot;,&quot;size&quot;:1,&quot;sizes&quot;:[]},&quot;motion_fx_devices&quot;:[&quot;desktop&quot;],&quot;motion_fx_translateY_direction&quot;:&quot;negative&quot;,&quot;motion_fx_translateY_affectedRange&quot;:{&quot;unit&quot;:&quot;%&quot;,&quot;size&quot;:&quot;&quot;,&quot;sizes&quot;:{&quot;start&quot;:0,&quot;end&quot;:100}}}\" data-widget_type=\"image.default\">\n\t\t\t\t<div class=\"elementor-widget-container\">\n\t\t\t\t\t\t\t\t\t\t\t\t\t\t\t<img fetchpriority=\"high\" decoding=\"async\" width=\"1024\" height=\"518\" src=\"https:\/\/sanejets.com.br\/wp-content\/uploads\/2025\/05\/Captura-de-tela-2025-05-19-160617-1024x518.jpg\" class=\"attachment-large size-large wp-image-988541\" alt=\"\" srcset=\"https:\/\/sanejets.com.br\/wp-content\/uploads\/2025\/05\/Captura-de-tela-2025-05-19-160617-1024x518.jpg 1024w, https:\/\/sanejets.com.br\/wp-content\/uploads\/2025\/05\/Captura-de-tela-2025-05-19-160617-300x152.jpg 300w, https:\/\/sanejets.com.br\/wp-content\/uploads\/2025\/05\/Captura-de-tela-2025-05-19-160617-768x388.jpg 768w, https:\/\/sanejets.com.br\/wp-content\/uploads\/2025\/05\/Captura-de-tela-2025-05-19-160617-1536x777.jpg 1536w, https:\/\/sanejets.com.br\/wp-content\/uploads\/2025\/05\/Captura-de-tela-2025-05-19-160617.jpg 1675w\" sizes=\"(max-width: 1024px) 100vw, 1024px\" \/>\t\t\t\t\t\t\t\t\t\t\t\t\t\t\t<\/div>\n\t\t\t\t<\/div>\n\t\t\t\t\t<\/div>\n\t\t<\/div>\n\t\t\t\t<div class=\"elementor-column elementor-col-33 elementor-top-column elementor-element elementor-element-6988a7f\" data-id=\"6988a7f\" data-element_type=\"column\">\n\t\t\t<div class=\"elementor-widget-wrap elementor-element-populated\">\n\t\t\t\t\t\t<div class=\"elementor-element elementor-element-ab79915 elementor-widget elementor-widget-image\" data-id=\"ab79915\" data-element_type=\"widget\" data-settings=\"{&quot;motion_fx_motion_fx_scrolling&quot;:&quot;yes&quot;,&quot;motion_fx_translateY_effect&quot;:&quot;yes&quot;,&quot;motion_fx_translateY_speed&quot;:{&quot;unit&quot;:&quot;px&quot;,&quot;size&quot;:1,&quot;sizes&quot;:[]},&quot;motion_fx_devices&quot;:[&quot;desktop&quot;],&quot;motion_fx_translateY_affectedRange&quot;:{&quot;unit&quot;:&quot;%&quot;,&quot;size&quot;:&quot;&quot;,&quot;sizes&quot;:{&quot;start&quot;:0,&quot;end&quot;:100}}}\" data-widget_type=\"image.default\">\n\t\t\t\t<div class=\"elementor-widget-container\">\n\t\t\t\t\t\t\t\t\t\t\t\t\t\t\t<img decoding=\"async\" width=\"445\" height=\"248\" data-src=\"https:\/\/sanejets.com.br\/wp-content\/uploads\/2023\/08\/spotrepair1.jpg\" class=\"attachment-large size-large wp-image-987842 lazyload\" alt=\"\" data-srcset=\"https:\/\/sanejets.com.br\/wp-content\/uploads\/2023\/08\/spotrepair1.jpg 445w, https:\/\/sanejets.com.br\/wp-content\/uploads\/2023\/08\/spotrepair1-300x167.jpg 300w\" data-sizes=\"(max-width: 445px) 100vw, 445px\" src=\"data:image\/gif;base64,R0lGODlhAQABAAAAACH5BAEKAAEALAAAAAABAAEAAAICTAEAOw==\" style=\"--smush-placeholder-width: 445px; --smush-placeholder-aspect-ratio: 445\/248;\" \/>\t\t\t\t\t\t\t\t\t\t\t\t\t\t\t<\/div>\n\t\t\t\t<\/div>\n\t\t\t\t\t<\/div>\n\t\t<\/div>\n\t\t\t\t\t<\/div>\n\t\t<\/section>\n\t\t\t\t<section class=\"elementor-section elementor-top-section elementor-element elementor-element-1b21edc elementor-section-boxed elementor-section-height-default elementor-section-height-default\" data-id=\"1b21edc\" data-element_type=\"section\">\n\t\t\t\t\t\t<div class=\"elementor-container elementor-column-gap-no\">\n\t\t\t\t\t<div class=\"elementor-column elementor-col-33 elementor-top-column elementor-element elementor-element-8f1d9d5\" data-id=\"8f1d9d5\" data-element_type=\"column\">\n\t\t\t<div class=\"elementor-widget-wrap elementor-element-populated\">\n\t\t\t\t\t\t<div class=\"elementor-element elementor-element-45aed3a elementor-widget__width-initial elementor-invisible elementor-widget elementor-widget-heading\" data-id=\"45aed3a\" data-element_type=\"widget\" data-settings=\"{&quot;_animation&quot;:&quot;fadeIn&quot;,&quot;_animation_tablet&quot;:&quot;none&quot;,&quot;_animation_delay&quot;:200}\" data-widget_type=\"heading.default\">\n\t\t\t\t<div class=\"elementor-widget-container\">\n\t\t\t\t\t<h3 class=\"elementor-heading-title elementor-size-default\">Informaci\u00f3n clave<\/h3>\t\t\t\t<\/div>\n\t\t\t\t<\/div>\n\t\t\t\t\t<\/div>\n\t\t<\/div>\n\t\t\t\t<div class=\"elementor-column elementor-col-66 elementor-top-column elementor-element elementor-element-efedb84 elementor-hidden-mobile\" data-id=\"efedb84\" data-element_type=\"column\">\n\t\t\t<div class=\"elementor-widget-wrap elementor-element-populated\">\n\t\t\t\t\t\t<div class=\"elementor-element elementor-element-55764ff elementor-widget elementor-widget-spacer\" data-id=\"55764ff\" data-element_type=\"widget\" data-widget_type=\"spacer.default\">\n\t\t\t\t<div class=\"elementor-widget-container\">\n\t\t\t\t\t\t\t<div class=\"elementor-spacer\">\n\t\t\t<div class=\"elementor-spacer-inner\"><\/div>\n\t\t<\/div>\n\t\t\t\t\t\t<\/div>\n\t\t\t\t<\/div>\n\t\t\t\t\t<\/div>\n\t\t<\/div>\n\t\t\t\t\t<\/div>\n\t\t<\/section>\n\t\t\t\t<section class=\"elementor-section elementor-top-section elementor-element elementor-element-ebc91d7 elementor-section-boxed elementor-section-height-default elementor-section-height-default\" data-id=\"ebc91d7\" data-element_type=\"section\">\n\t\t\t\t\t\t<div class=\"elementor-container elementor-column-gap-no\">\n\t\t\t\t\t<div class=\"elementor-column elementor-col-100 elementor-top-column elementor-element elementor-element-4258a9b\" data-id=\"4258a9b\" data-element_type=\"column\">\n\t\t\t<div class=\"elementor-widget-wrap elementor-element-populated\">\n\t\t\t\t\t\t<div class=\"elementor-element elementor-element-4fccc3c elementor-tabs-view-vertical elementor-widget elementor-widget-tabs\" data-id=\"4fccc3c\" data-element_type=\"widget\" data-widget_type=\"tabs.default\">\n\t\t\t\t<div class=\"elementor-widget-container\">\n\t\t\t\t\t\t\t<div class=\"elementor-tabs\">\n\t\t\t<div class=\"elementor-tabs-wrapper\" role=\"tablist\" >\n\t\t\t\t\t\t\t\t\t<div id=\"elementor-tab-title-8361\" class=\"elementor-tab-title elementor-tab-desktop-title\" aria-selected=\"true\" data-tab=\"1\" role=\"tab\" tabindex=\"0\" aria-controls=\"elementor-tab-content-8361\" aria-expanded=\"false\">Beneficios<\/div>\n\t\t\t\t\t\t\t\t\t<div id=\"elementor-tab-title-8362\" class=\"elementor-tab-title elementor-tab-desktop-title\" aria-selected=\"false\" data-tab=\"2\" role=\"tab\" tabindex=\"-1\" aria-controls=\"elementor-tab-content-8362\" aria-expanded=\"false\">CARACTER\u00cdSTICAS<\/div>\n\t\t\t\t\t\t\t\t\t<div id=\"elementor-tab-title-8363\" class=\"elementor-tab-title elementor-tab-desktop-title\" aria-selected=\"false\" data-tab=\"3\" role=\"tab\" tabindex=\"-1\" aria-controls=\"elementor-tab-content-8363\" aria-expanded=\"false\">APLICACIONES<\/div>\n\t\t\t\t\t\t\t<\/div>\n\t\t\t<div class=\"elementor-tabs-content-wrapper\" role=\"tablist\" aria-orientation=\"vertical\">\n\t\t\t\t\t\t\t\t\t<div class=\"elementor-tab-title elementor-tab-mobile-title\" aria-selected=\"true\" data-tab=\"1\" role=\"tab\" tabindex=\"0\" aria-controls=\"elementor-tab-content-8361\" aria-expanded=\"false\">Beneficios<\/div>\n\t\t\t\t\t<div id=\"elementor-tab-content-8361\" class=\"elementor-tab-content elementor-clearfix\" data-tab=\"1\" role=\"tabpanel\" aria-labelledby=\"elementor-tab-title-8361\" tabindex=\"0\" hidden=\"false\"><h6>PRESTACIONES<\/h6><ul data-spread=\"false\" data-pm-slice=\"3 3 []\"><li><p>Diagn\u00f3stico preciso del estado de la red<\/p><\/li><li><p>Planificaci\u00f3n eficaz de las obras<\/p><\/li><li><p>Reducci\u00f3n de los costes de emergencia<\/p><\/li><li><p>Apoyo a la toma de decisiones<\/p><\/li><\/ul><\/div>\n\t\t\t\t\t\t\t\t\t<div class=\"elementor-tab-title elementor-tab-mobile-title\" aria-selected=\"false\" data-tab=\"2\" role=\"tab\" tabindex=\"-1\" aria-controls=\"elementor-tab-content-8362\" aria-expanded=\"false\">CARACTER\u00cdSTICAS<\/div>\n\t\t\t\t\t<div id=\"elementor-tab-content-8362\" class=\"elementor-tab-content elementor-clearfix\" data-tab=\"2\" role=\"tabpanel\" aria-labelledby=\"elementor-tab-title-8362\" tabindex=\"0\" hidden=\"hidden\"><h6>CARACTER\u00cdSTICAS<\/h6><ul data-spread=\"false\" data-pm-slice=\"3 3 []\"><li><p>Equipos con visualizaci\u00f3n de 360<\/p><\/li><li><p>Generaci\u00f3n de informes t\u00e9cnicos completos<\/p><\/li><li><p>Pruebas de humo y tinte disponibles<\/p><\/li><\/ul><\/div>\n\t\t\t\t\t\t\t\t\t<div class=\"elementor-tab-title elementor-tab-mobile-title\" aria-selected=\"false\" data-tab=\"3\" role=\"tab\" tabindex=\"-1\" aria-controls=\"elementor-tab-content-8363\" aria-expanded=\"false\">APLICACIONES<\/div>\n\t\t\t\t\t<div id=\"elementor-tab-content-8363\" class=\"elementor-tab-content elementor-clearfix\" data-tab=\"3\" role=\"tabpanel\" aria-labelledby=\"elementor-tab-title-8363\" tabindex=\"0\" hidden=\"hidden\"><h6>APLICACIONES<\/h6><ul data-spread=\"false\" data-pm-slice=\"3 3 []\"><li><p>Redes p\u00fablicas y privadas de alcantarillado y drenaje<\/p><\/li><li><p>Inspecciones preventivas y correctivas<\/p><\/li><\/ul><\/div>\n\t\t\t\t\t\t\t<\/div>\n\t\t<\/div>\n\t\t\t\t\t\t<\/div>\n\t\t\t\t<\/div>\n\t\t\t\t\t<\/div>\n\t\t<\/div>\n\t\t\t\t\t<\/div>\n\t\t<\/section>\n\t\t<div class=\"elementor-element elementor-element-1d21c00 e-flex e-con-boxed e-con e-parent\" data-id=\"1d21c00\" data-element_type=\"container\">\n\t\t\t\t\t<div class=\"e-con-inner\">\n\t\t\t\t<div class=\"vamtam-has-theme-widget-styles elementor-element elementor-element-e4eabbf elementor-align-center vamtam-has-underline-anim elementor-widget elementor-widget-button\" data-id=\"e4eabbf\" data-element_type=\"widget\" data-widget_type=\"button.default\">\n\t\t\t\t<div class=\"elementor-widget-container\">\n\t\t\t\t\t\t\t\t\t<div class=\"elementor-button-wrapper\">\n\t\t\t\t\t<a class=\"elementor-button elementor-button-link elementor-size-sm\" href=\"https:\/\/sanejets.com.br\/es\/solucoes\/\">\n\t\t\t\t\t\t<span class=\"elementor-button-content-wrapper\">\n\t\t\t\t\t\t<span class=\"elementor-button-icon\">\n\t\t\t\t<i aria-hidden=\"true\" class=\"fas fa-arrow-right\"><\/i>\t\t\t<\/span>\n\t\t\t\t\t\t\t\t\t<span class=\"elementor-button-text\">todas las soluciones<\/span>\n\t\t\t\t\t<\/span>\n\t\t\t\t\t<\/a>\n\t\t\t\t<\/div>\n\t\t\t\t\t\t\t\t<\/div>\n\t\t\t\t<\/div>\n\t\t\t\t<div class=\"elementor-element elementor-element-d77256d elementor-widget elementor-widget-spacer\" data-id=\"d77256d\" data-element_type=\"widget\" data-widget_type=\"spacer.default\">\n\t\t\t\t<div class=\"elementor-widget-container\">\n\t\t\t\t\t\t\t<div class=\"elementor-spacer\">\n\t\t\t<div class=\"elementor-spacer-inner\"><\/div>\n\t\t<\/div>\n\t\t\t\t\t\t<\/div>\n\t\t\t\t<\/div>\n\t\t\t\t\t<\/div>\n\t\t\t\t<\/div>\n\t\t\t\t<\/div>","protected":false},"excerpt":{"rendered":"<p>Se utiliza para instalar tuber\u00edas subterr\u00e1neas sin necesidad de excavaciones abiertas. Este m\u00e9todo permite instalar con precisi\u00f3n redes de agua, alcantarillado, gas y telecomunicaciones, minimizando el impacto ambiental y las molestias urbanas.<\/p>","protected":false},"author":1,"featured_media":988541,"parent":138,"menu_order":1,"comment_status":"closed","ping_status":"closed","template":"","meta":{"footnotes":""},"class_list":["post-988363","page","type-page","status-publish","has-post-thumbnail","hentry"],"_links":{"self":[{"href":"https:\/\/sanejets.com.br\/es\/wp-json\/wp\/v2\/pages\/988363","targetHints":{"allow":["GET"]}}],"collection":[{"href":"https:\/\/sanejets.com.br\/es\/wp-json\/wp\/v2\/pages"}],"about":[{"href":"https:\/\/sanejets.com.br\/es\/wp-json\/wp\/v2\/types\/page"}],"author":[{"embeddable":true,"href":"https:\/\/sanejets.com.br\/es\/wp-json\/wp\/v2\/users\/1"}],"replies":[{"embeddable":true,"href":"https:\/\/sanejets.com.br\/es\/wp-json\/wp\/v2\/comments?post=988363"}],"version-history":[{"count":22,"href":"https:\/\/sanejets.com.br\/es\/wp-json\/wp\/v2\/pages\/988363\/revisions"}],"predecessor-version":[{"id":988722,"href":"https:\/\/sanejets.com.br\/es\/wp-json\/wp\/v2\/pages\/988363\/revisions\/988722"}],"up":[{"embeddable":true,"href":"https:\/\/sanejets.com.br\/es\/wp-json\/wp\/v2\/pages\/138"}],"wp:featuredmedia":[{"embeddable":true,"href":"https:\/\/sanejets.com.br\/es\/wp-json\/wp\/v2\/media\/988541"}],"wp:attachment":[{"href":"https:\/\/sanejets.com.br\/es\/wp-json\/wp\/v2\/media?parent=988363"}],"curies":[{"name":"wp","href":"https:\/\/api.w.org\/{rel}","templated":true}]}}